{"id":1107,"date":"2024-01-18T14:27:30","date_gmt":"2024-01-18T11:27:30","guid":{"rendered":"https:\/\/sosyaliksir.com\/index.php\/karikatur-2\/"},"modified":"2024-05-02T23:05:24","modified_gmt":"2024-05-02T20:05:24","slug":"fotograf","status":"publish","type":"page","link":"https:\/\/istanbulseririyati.com\/index.php\/fotograf\/","title":{"rendered":"Foto\u011fraf"},"content":{"rendered":"\n<div class=\"wp-block-stackable-columns alignfull stk-block-columns stk-block stk-ea915db stk-block-background stk--has-background-overlay\" data-block-id=\"ea915db\"><style>.stk-ea915db{background-image:url(https:\/\/istanbulseririyati.com\/wp-content\/uploads\/2024\/01\/bg2.png) !important;padding-top:280px !important;padding-bottom:280px !important;margin-bottom:0px !important}.stk-ea915db:before{background-color:#000000 !important;opacity:0.5 !important}@media screen and (max-width:1023px){.stk-ea915db{padding-top:200px !important;padding-bottom:250px !important}}@media screen and (max-width:767px){.stk-ea915db{padding-top:150px !important;padding-bottom:200px !important}}<\/style><div class=\"stk-row stk-inner-blocks has-text-align-center stk-block-content stk-content-align stk-ea915db-column\">\n<div class=\"wp-block-stackable-column stk-block-column stk-column stk-block stk-13ce343\" data-v=\"4\" data-block-id=\"13ce343\"><div class=\"stk-column-wrapper stk-block-column__content stk-container stk-13ce343-container stk--no-background stk--no-padding\"><div class=\"stk-block-content stk-inner-blocks stk-13ce343-inner-blocks\">\n<div class=\"wp-block-stackable-heading stk-block-heading stk-block-heading--v2 stk-block stk-273f963\" id=\"istanbul-seririyati-arsivi\" data-block-id=\"273f963\"><style>.stk-273f963{margin-bottom:16px !important}.stk-273f963 .stk-block-heading__text{font-size:90px !important;color:var(--theme-palette-color-8,#ffffff) !important;line-height:1.5em !important}@media screen and (max-width:1023px){.stk-273f963 .stk-block-heading__text{font-size:50px !important}}<\/style><h2 class=\"stk-block-heading__text has-text-color has-palette-color-8-color\">\u0130stanbul Seririyat\u0131 Ar\u015fivi<\/h2><\/div>\n\n\n\n<div class=\"wp-block-stackable-button-group stk-block-button-group stk-block stk-743ddb6\" data-block-id=\"743ddb6\"><div class=\"stk-row stk-inner-blocks stk-block-content stk-button-group\">\n<div class=\"wp-block-stackable-button stk-block-button stk-block stk-ad610b2\" data-block-id=\"ad610b2\"><style>.stk-ad610b2 .stk-button{padding-top:12px !important;padding-right:30px !important;padding-bottom:12px !important;padding-left:30px !important;background:#9c6800 !important;border-top-left-radius:3px !important;border-top-right-radius:3px !important;border-bottom-right-radius:3px !important;border-bottom-left-radius:3px !important}.stk-ad610b2 .stk-button .stk--inner-svg svg:last-child{height:24px !important;width:24px !important}.stk-ad610b2 .stk-button .stk--inner-svg svg:last-child,.stk-ad610b2 .stk-button .stk--inner-svg svg:last-child :is(g,path,rect,polygon,ellipse){fill:var(--theme-palette-color-7,#FDFDFD) !important}.stk-ad610b2 .stk-button__inner-text{font-size:1.15em !important;color:var(--theme-palette-color-7,#FDFDFD) !important}@media screen and (max-width:1023px){.stk-ad610b2 .stk-button__inner-text{font-size:1.15em !important}}<\/style><a class=\"stk-link stk-button stk--hover-effect-darken\" href=\"https:\/\/istanbulseririyati.com\/index.php\/istanbul-seririyati\/\"><span class=\"stk--svg-wrapper\"><div class=\"stk--inner-svg\"><svg xmlns=\"http:\/\/www.w3.org\/2000\/svg\" viewBox=\"0 0 448 512\" aria-hidden=\"true\" width=\"32\" height=\"32\"><path d=\"M438.6 278.6c12.5-12.5 12.5-32.8 0-45.3l-160-160c-12.5-12.5-32.8-12.5-45.3 0s-12.5 32.8 0 45.3L338.8 224 32 224c-17.7 0-32 14.3-32 32s14.3 32 32 32l306.7 0L233.4 393.4c-12.5 12.5-12.5 32.8 0 45.3s32.8 12.5 45.3 0l160-160z\"><\/path><\/svg><\/div><\/span><span class=\"has-text-color has-palette-color-4-color stk-button__inner-text\">Ar\u015fivi \u0130nceleyin<\/span><\/a><\/div>\n<\/div><\/div>\n<\/div><\/div><\/div>\n<\/div><\/div>\n\n\n\n<div class=\"wp-block-stackable-columns stk-block-columns stk-block stk-d8b9871 stk-block-background\" data-block-id=\"d8b9871\"><style>.stk-d8b9871{background-color:var(--theme-palette-color-8,#ffffff) !important;border-top-left-radius:5px !important;border-top-right-radius:5px !important;border-bottom-right-radius:5px !important;border-bottom-left-radius:5px !important;overflow:hidden !important;box-shadow:0px 20px 80px 0px rgba(193,199,212,0.3) !important;padding-top:60px !important;padding-right:40px !important;padding-bottom:60px !important;padding-left:40px !important;margin-top:-101px !important;margin-bottom:0px !important}.stk-d8b9871:before{background-color:var(--theme-palette-color-8,#ffffff) !important}.stk-d8b9871-column{--stk-column-gap:35px !important}<\/style><div class=\"stk-row stk-inner-blocks stk-block-content stk-content-align stk-d8b9871-column\">\n<div class=\"wp-block-stackable-column stk-block-column stk-column stk-block stk-eba5488\" data-v=\"4\" data-block-id=\"eba5488\"><div class=\"stk-column-wrapper stk-block-column__content stk-container stk-eba5488-container stk--no-background stk--no-padding\"><div class=\"stk-block-content stk-inner-blocks stk-eba5488-inner-blocks\">\n<div class=\"wp-block-stackable-heading stk-block-heading stk-block-heading--v2 stk-block stk-55fd028\" id=\"fotograf-seckisi\" data-block-id=\"55fd028\"><style>.stk-55fd028{margin-bottom:0px !important}<\/style><h2 class=\"stk-block-heading__text has-text-align-center\">Foto\u011fraf Se\u00e7kisi<\/h2><\/div>\n\n\n\n<div class=\"wp-block-stackable-divider stk-block-divider stk-block stk-3d23eda is-style-bar\" data-block-id=\"3d23eda\"><style>.stk-3d23eda{margin-bottom:0px !important}.stk-3d23eda hr.stk-block-divider__hr{background:#632800 !important}<\/style><hr class=\"stk-block-divider__hr\"\/><\/div>\n\n\n\n<div class=\"wp-block-stackable-columns stk-block-columns stk-block stk-42eb472\" data-block-id=\"42eb472\"><div class=\"stk-row stk-inner-blocks stk-block-content stk-content-align stk-42eb472-column\">\n<div class=\"wp-block-stackable-column stk-block-column stk-column stk-block stk-3b6b841\" data-v=\"4\" data-block-id=\"3b6b841\"><div class=\"stk-column-wrapper stk-block-column__content stk-container stk-3b6b841-container stk--no-background stk--no-padding\"><div class=\"stk-block-content stk-inner-blocks stk-3b6b841-inner-blocks\">\n<div class=\"wp-block-stackable-columns stk-block-columns stk-block stk-6a234bc\" data-block-id=\"6a234bc\"><div class=\"stk-row stk-inner-blocks stk-block-content stk-content-align stk-6a234bc-column\">\n<div class=\"wp-block-stackable-column stk-block-column stk-column stk-block stk-d781f85\" data-v=\"4\" data-block-id=\"d781f85\"><div class=\"stk-column-wrapper stk-block-column__content stk-container stk-d781f85-container stk--no-background stk--no-padding\"><div class=\"stk-block-content stk-inner-blocks stk-d781f85-inner-blocks\"><\/div><\/div><\/div>\n\n\n\n<div class=\"wp-block-stackable-column stk-block-column stk-column stk-block stk-93f83bc\" data-v=\"4\" data-block-id=\"93f83bc\"><div class=\"stk-column-wrapper stk-block-column__content stk-container stk-93f83bc-container stk--no-background stk--no-padding\"><div class=\"stk-block-content stk-inner-blocks stk-93f83bc-inner-blocks\"><\/div><\/div><\/div>\n<\/div><\/div>\n\n\n\n<div class=\"wp-block-stackable-carousel stk-block-carousel stk--is-slide stk--arrows-justify-space-between stk--arrows-align-center stk-block stk-a6751e6\" data-slides-to-show=\"\" data-block-id=\"a6751e6\"><div class=\"stk-block-carousel__content-wrapper\"><div class=\"stk-row stk-inner-blocks stk-block-content stk-block-carousel__slider-wrapper stk-content-align stk-a6751e6-column\"><div class=\"stk-block-carousel__slider\" role=\"list\" data-autoplay=\"4000\" data-label-slide-of=\"Slide %%d of %%d\">\n<div class=\"wp-block-stackable-column stk-block-column stk-column stk-block stk-e473a24\" data-v=\"4\" data-block-id=\"e473a24\"><div class=\"stk-column-wrapper stk-block-column__content stk-container stk-e473a24-container stk--no-background stk--no-padding\"><div class=\"stk-block-content stk-inner-blocks stk-e473a24-inner-blocks\">\n<figure class=\"wp-block-gallery has-nested-images columns-default is-cropped wp-block-gallery-1 is-layout-flex wp-block-gallery-is-layout-flex\">\n<figure class=\"wp-block-image size-large\"><img loading=\"lazy\" decoding=\"async\" width=\"500\" height=\"610\" data-id=\"1019\" src=\"https:\/\/sosyaliksir.com\/wp-content\/uploads\/2024\/01\/hakkinda1.png\" alt=\"\" class=\"wp-image-1019\" srcset=\"https:\/\/istanbulseririyati.com\/wp-content\/uploads\/2024\/01\/hakkinda1.png 500w, https:\/\/istanbulseririyati.com\/wp-content\/uploads\/2024\/01\/hakkinda1-246x300.png 246w, https:\/\/istanbulseririyati.com\/wp-content\/uploads\/2024\/01\/hakkinda1-205x250.png 205w, https:\/\/istanbulseririyati.com\/wp-content\/uploads\/2024\/01\/hakkinda1-480x586.png 480w\" sizes=\"auto, (max-width: 500px) 100vw, 500px\" \/><\/figure>\n\n\n\n<figure class=\"wp-block-image size-full\"><img loading=\"lazy\" decoding=\"async\" width=\"599\" height=\"818\" data-id=\"1020\" src=\"https:\/\/istanbulseririyati.com\/wp-content\/uploads\/2024\/01\/hakkinda2.png\" alt=\"\" class=\"wp-image-1020\" srcset=\"https:\/\/istanbulseririyati.com\/wp-content\/uploads\/2024\/01\/hakkinda2.png 599w, https:\/\/istanbulseririyati.com\/wp-content\/uploads\/2024\/01\/hakkinda2-220x300.png 220w, https:\/\/istanbulseririyati.com\/wp-content\/uploads\/2024\/01\/hakkinda2-205x280.png 205w, https:\/\/istanbulseririyati.com\/wp-content\/uploads\/2024\/01\/hakkinda2-480x655.png 480w\" sizes=\"auto, (max-width: 599px) 100vw, 599px\" \/><\/figure>\n\n\n\n<figure class=\"wp-block-image size-large\"><img decoding=\"async\" data-id=\"168\" src=\"https:\/\/sosyaliksir.com\/wp-content\/uploads\/2024\/01\/dirim.jpg\" alt=\"\" class=\"wp-image-168\"\/><\/figure>\n<\/figure>\n<\/div><\/div><\/div>\n\n\n\n<div class=\"wp-block-stackable-column stk-block-column stk-column stk-block stk-6f24fcf\" data-v=\"4\" data-block-id=\"6f24fcf\"><div class=\"stk-column-wrapper stk-block-column__content stk-container stk-6f24fcf-container stk--no-background stk--no-padding\"><div class=\"stk-block-content stk-inner-blocks stk-6f24fcf-inner-blocks\"><\/div><\/div><\/div>\n\n\n\n<div class=\"wp-block-stackable-column stk-block-column stk-column stk-block stk-a59aca0\" data-v=\"4\" data-block-id=\"a59aca0\"><div class=\"stk-column-wrapper stk-block-column__content stk-container stk-a59aca0-container stk--no-background stk--no-padding\"><div class=\"stk-block-content stk-inner-blocks stk-a59aca0-inner-blocks\"><\/div><\/div><\/div>\n<\/div><div class=\"stk-block-carousel__buttons\"><button class=\"stk-block-carousel__button stk-block-carousel__button__prev\" aria-label=\"Previous slide\"><svg aria-hidden=\"true\" focusable=\"false\" data-prefix=\"fas\" data-icon=\"chevron-left\" class=\"svg-inline--fa fa-chevron-left\" xmlns=\"http:\/\/www.w3.org\/2000\/svg\" viewBox=\"0 0 320 512\" width=\"32\" height=\"32\"><path fill=\"currentColor\" d=\"M34.52 239.03L228.87 44.69c9.37-9.37 24.57-9.37 33.94 0l22.67 22.67c9.36 9.36 9.37 24.52.04 33.9L131.49 256l154.02 154.75c9.34 9.38 9.32 24.54-.04 33.9l-22.67 22.67c-9.37 9.37-24.57 9.37-33.94 0L34.52 272.97c-9.37-9.37-9.37-24.57 0-33.94z\"><\/path><\/svg><\/button><button class=\"stk-block-carousel__button stk-block-carousel__button__next\" aria-label=\"Next slide\"><svg aria-hidden=\"true\" focusable=\"false\" data-prefix=\"fas\" data-icon=\"chevron-right\" class=\"svg-inline--fa fa-chevron-right\" xmlns=\"http:\/\/www.w3.org\/2000\/svg\" viewBox=\"0 0 320 512\" width=\"32\" height=\"32\"><path fill=\"currentColor\" d=\"M285.476 272.971L91.132 467.314c-9.373 9.373-24.569 9.373-33.941 0l-22.667-22.667c-9.357-9.357-9.375-24.522-.04-33.901L188.505 256 34.484 101.255c-9.335-9.379-9.317-24.544.04-33.901l22.667-22.667c9.373-9.373 24.569-9.373 33.941 0L285.475 239.03c9.373 9.372 9.373 24.568.001 33.941z\"><\/path><\/svg><\/button><\/div><\/div><div class=\"stk-block-carousel__dots\" role=\"list\" data-label=\"Slide %%d\"><\/div><\/div><\/div>\n\n\n\n<blockquote class=\"wp-block-stackable-blockquote stk-block-blockquote stk-block stk-7bbe73b is-style-simple\" data-v=\"2\" data-block-id=\"7bbe73b\"><div class=\"has-text-align-left stk-block-blockquote__content stk-container stk-7bbe73b-container stk--no-background stk--no-padding\"><div class=\"stk-block-content stk-inner-blocks\">\n<div class=\"wp-block-stackable-icon stk-block-icon stk-block stk-61482a9\" data-block-id=\"61482a9\"><style>.stk-61482a9{top:-50px !important;left:-50px !important;position:absolute !important;opacity:0.2 !important}.stk-61482a9 .stk--svg-wrapper .stk--inner-svg svg:last-child{height:200px !important;width:200px !important}<\/style><\/div>\n<\/div><\/div><\/blockquote>\n<\/div><\/div><\/div>\n<\/div><\/div>\n<\/div><\/div><\/div>\n<\/div><\/div>\n\n\n\n<div class=\"wp-block-stackable-columns alignfull stk-block-columns stk-block stk-379b8ca\" data-block-id=\"379b8ca\"><style>.stk-379b8ca .stk--block-align-379b8ca{align-items:center !important}.stk-379b8ca{margin-bottom:0px !important}.stk-379b8ca-column{--stk-column-gap:70px !important}@media screen and (max-width:1023px){.stk-379b8ca-column{--stk-column-gap:50px !important;row-gap:35px !important}}@media screen and (max-width:767px){.stk-379b8ca-column{row-gap:35px !important}}<\/style><div class=\"stk-row stk-inner-blocks stk--block-align-379b8ca stk-block-content stk-content-align stk-379b8ca-column alignfull\">\n<div class=\"wp-block-stackable-column stk-block-column stk-column stk-block stk-98b3330\" data-v=\"4\" data-block-id=\"98b3330\"><style>.stk-98b3330-container{margin-top:0px !important;margin-right:0px !important;margin-bottom:0px !important;margin-left:0px !important}<\/style><div class=\"stk-column-wrapper stk-block-column__content stk-container stk-98b3330-container stk--no-background stk--no-padding\"><div class=\"stk-block-content stk-inner-blocks stk-98b3330-inner-blocks\">\n<div class=\"wp-block-stackable-video-popup stk-block-video-popup stk-block stk-0e16c14\" data-video=\"https:\/\/youtu.be\/eLTfGT-_vKE\" data-block-id=\"0e16c14\"><style>.stk-0e16c14{padding-top:0px !important;padding-right:0px !important;padding-left:0px !important}<\/style><button class=\"stk-block-video-popup__overlay stk-row stk-inner-blocks stk-block-content stk-hover-parent\" aria-label=\"Play Video\"><\/button><\/div>\n<\/div><\/div><\/div>\n<\/div><\/div>\n","protected":false},"excerpt":{"rendered":"<p>\u0130stanbul Seririyat\u0131 Ar\u015fivi Ar\u015fivi \u0130nceleyin Foto\u011fraf Se\u00e7kisi<\/p>\n","protected":false},"author":1,"featured_media":0,"parent":0,"menu_order":0,"comment_status":"closed","ping_status":"closed","template":"","meta":{"footnotes":""},"class_list":["post-1107","page","type-page","status-publish","hentry"],"blocksy_meta":{"page_title_panel":"","has_hero_section":"disabled","8145824604158272ba7f5416b6449180":"","hero_section":"type-1","hero_elements":[{"id":"custom_title","enabled":true,"heading_tag":"h1","title":"Home"},{"id":"custom_description","enabled":true,"description_visibility":{"desktop":true,"tablet":true,"mobile":false}},{"id":"custom_meta","enabled":false,"meta_elements":[{"id":"author","enabled":true,"label":"By","has_author_avatar":"yes","avatar_size":25},{"id":"post_date","enabled":true,"label":"On","date_format_source":"default","date_format":"M j, Y"},{"id":"updated_date","enabled":false,"label":"On","date_format_source":"default","date_format":"M j, Y"},{"id":"categories","enabled":false,"label":"In","style":"simple"},{"id":"comments","enabled":true}],"page_meta_elements":{"joined":true,"articles_count":true,"comments":true}},{"id":"breadcrumbs","enabled":false}],"fcf7480f8d2e1b222c39f6bcbf6965ab":"","hero_alignment1":"CT_CSS_SKIP_RULE","hero_margin":40,"hero_alignment2":"center","hero_vertical_alignment":"center","b6e74dacd1e4d964546af2051e3c80ca":"","hero_structure":"narrow","09a979f9dfe051c5d8e7185a0bffb527":"","page_title_bg_type":"featured_image","custom_hero_background":{"attachment_id":null},"parallax":{"desktop":false,"tablet":false,"mobile":false},"4e6921427620b3c37a159654d5bd931f":"","hero_height":"250px","pageTitleFont":{"family":"Default","variation":"Default","size":"30px","line-height":"CT_CSS_SKIP_RULE","letter-spacing":"CT_CSS_SKIP_RULE","text-transform":"CT_CSS_SKIP_RULE","text-decoration":"CT_CSS_SKIP_RULE"},"pageTitleFontColor":{"default":{"color":"CT_CSS_SKIP_RULEDEFAULT"}},"pageMetaFont":{"family":"Default","variation":"n6","size":"12px","line-height":"1.3","letter-spacing":"CT_CSS_SKIP_RULE","text-transform":"uppercase","text-decoration":"CT_CSS_SKIP_RULE"},"pageMetaFontColor":{"default":{"color":"CT_CSS_SKIP_RULEDEFAULT"},"hover":{"color":"CT_CSS_SKIP_RULEDEFAULT"}},"page_meta_button_type_font_colors":{"default":{"color":"CT_CSS_SKIP_RULEDEFAULT"},"hover":{"color":"CT_CSS_SKIP_RULEDEFAULT"}},"page_meta_button_type_background_colors":{"default":{"color":"CT_CSS_SKIP_RULEDEFAULT"},"hover":{"color":"CT_CSS_SKIP_RULEDEFAULT"}},"pageExcerptFont":{"family":"Default","variation":"Default","size":"CT_CSS_SKIP_RULE","line-height":"CT_CSS_SKIP_RULE","letter-spacing":"CT_CSS_SKIP_RULE","text-transform":"CT_CSS_SKIP_RULE","text-decoration":"CT_CSS_SKIP_RULE"},"pageExcerptColor":{"default":{"color":"CT_CSS_SKIP_RULEDEFAULT"}},"breadcrumbsFont":{"family":"Default","variation":"Default","size":"CT_CSS_SKIP_RULE","line-height":"CT_CSS_SKIP_RULE","letter-spacing":"CT_CSS_SKIP_RULE","text-transform":"CT_CSS_SKIP_RULE","text-decoration":"CT_CSS_SKIP_RULE"},"breadcrumbsFontColor":{"default":{"color":"CT_CSS_SKIP_RULEDEFAULT"},"initial":{"color":"CT_CSS_SKIP_RULEDEFAULT"},"hover":{"color":"CT_CSS_SKIP_RULEDEFAULT"}},"pageTitleOverlay":{"background_type":"color","background_pattern":"type-1","background_image":{"attachment_id":null,"x":0,"y":0},"gradient":"linear-gradient(135deg,rgba(6,147,227,1) 0%,rgb(155,81,224) 100%)","background_repeat":"repeat","background_size":"auto","background_attachment":"scroll","patternColor":{"default":{"color":"#e5e7ea"}},"overlayColor":{"default":{"color":"CT_CSS_SKIP_RULE"}},"backgroundColor":{"default":{"color":"CT_CSS_SKIP_RULE"}}},"pageTitleBackground":{"background_type":"color","background_pattern":"type-1","background_image":{"attachment_id":null,"x":0,"y":0},"gradient":"linear-gradient(135deg,rgba(6,147,227,1) 0%,rgb(155,81,224) 100%)","background_repeat":"repeat","background_size":"auto","background_attachment":"scroll","patternColor":{"default":{"color":"#e5e7ea"}},"overlayColor":{"default":{"color":"CT_CSS_SKIP_RULE"}},"backgroundColor":{"default":{"color":"var(--theme-palette-color-6)"}}},"pageTitlePadding":{"top":"50px","bottom":"50px","left":"auto","right":"auto","linked":true},"9977e246f013fbc2382654aea8f2248b":"","page_structure_type":"default","6ce8b827e911c2bb79efa291d7d326ea":"","content_style_source":"inherit","content_style":"wide","vertical_spacing_source":"custom","content_area_spacing":"none","background":{"background_type":"color","background_pattern":"type-1","background_image":{"attachment_id":null,"x":0,"y":0},"gradient":"linear-gradient(135deg,rgba(6,147,227,1) 0%,rgb(155,81,224) 100%)","background_repeat":"repeat","background_size":"auto","background_attachment":"scroll","patternColor":{"default":{"color":"#e5e7ea"}},"overlayColor":{"default":{"color":"CT_CSS_SKIP_RULE"}},"backgroundColor":{"default":{"color":"CT_CSS_SKIP_RULE"}}},"content_background":{"background_type":"color","background_pattern":"type-1","background_image":{"attachment_id":null,"x":0,"y":0},"gradient":"linear-gradient(135deg,rgba(6,147,227,1) 0%,rgb(155,81,224) 100%)","background_repeat":"repeat","background_size":"auto","background_attachment":"scroll","patternColor":{"default":{"color":"#e5e7ea"}},"overlayColor":{"default":{"color":"CT_CSS_SKIP_RULE"}},"backgroundColor":{"default":{"color":"var(--theme-palette-color-8)"}}},"content_boxed_shadow":{"inherit":false,"blur":18,"spread":-6,"v_offset":12,"h_offset":0,"inset":false,"enable":true,"color":{"color":"rgba(34, 56, 101, 0.04)"}},"boxed_content_spacing":{"desktop":{"top":"40px","bottom":"40px","left":"40px","right":"40px","linked":true},"tablet":{"top":"35px","bottom":"35px","left":"35px","right":"35px","linked":true},"mobile":{"top":"20px","bottom":"20px","left":"20px","right":"20px","linked":true}},"content_boxed_radius":{"top":"3px","bottom":"3px","left":"3px","right":"3px","linked":true},"99630a8366f1664b49eb5b210d80e35c":"","disable_featured_image":"no","disable_share_box":"no","disable_header":"no","disable_footer":"no","styles_descriptor":{"styles":{"desktop":"","tablet":"","mobile":""},"google_fonts":[],"version":6}},"featured_image_urls":{"full":"","thumbnail":"","medium":"","medium_large":"","large":"","1536x1536":"","2048x2048":"","tainacan-small":"","tainacan-medium":"","tainacan-medium-full":"","tainacan-large-full":""},"post_excerpt_stackable":"<p>\u0130stanbul Seririyat\u0131 Ar\u015fivi Ar\u015fivi \u0130nceleyin Foto\u011fraf Se\u00e7kisi<\/p>\n","category_list":"","author_info":{"name":"\u0130stanbul Seririyat\u0131","url":"https:\/\/istanbulseririyati.com\/index.php\/author\/admin\/"},"comments_num":"0 comments","featured_image_urls_v2":{"full":"","thumbnail":"","medium":"","medium_large":"","large":"","1536x1536":"","2048x2048":"","tainacan-small":"","tainacan-medium":"","tainacan-medium-full":"","tainacan-large-full":""},"post_excerpt_stackable_v2":"<p>\u0130stanbul Seririyat\u0131 Ar\u015fivi Ar\u015fivi \u0130nceleyin Foto\u011fraf Se\u00e7kisi<\/p>\n","category_list_v2":"","author_info_v2":{"name":"\u0130stanbul Seririyat\u0131","url":"https:\/\/istanbulseririyati.com\/index.php\/author\/admin\/"},"comments_num_v2":"0 comments","_links":{"self":[{"href":"https:\/\/istanbulseririyati.com\/index.php\/wp-json\/wp\/v2\/pages\/1107","targetHints":{"allow":["GET"]}}],"collection":[{"href":"https:\/\/istanbulseririyati.com\/index.php\/wp-json\/wp\/v2\/pages"}],"about":[{"href":"https:\/\/istanbulseririyati.com\/index.php\/wp-json\/wp\/v2\/types\/page"}],"author":[{"embeddable":true,"href":"https:\/\/istanbulseririyati.com\/index.php\/wp-json\/wp\/v2\/users\/1"}],"replies":[{"embeddable":true,"href":"https:\/\/istanbulseririyati.com\/index.php\/wp-json\/wp\/v2\/comments?post=1107"}],"version-history":[{"count":7,"href":"https:\/\/istanbulseririyati.com\/index.php\/wp-json\/wp\/v2\/pages\/1107\/revisions"}],"predecessor-version":[{"id":1607,"href":"https:\/\/istanbulseririyati.com\/index.php\/wp-json\/wp\/v2\/pages\/1107\/revisions\/1607"}],"wp:attachment":[{"href":"https:\/\/istanbulseririyati.com\/index.php\/wp-json\/wp\/v2\/media?parent=1107"}],"curies":[{"name":"wp","href":"https:\/\/api.w.org\/{rel}","templated":true}]}}